{"id":1687,"date":"2025-01-22T17:28:27","date_gmt":"2025-01-22T16:28:27","guid":{"rendered":"https:\/\/wp.arnell.de\/?page_id=1687"},"modified":"2025-02-12T22:13:26","modified_gmt":"2025-02-12T21:13:26","slug":"impressum","status":"publish","type":"page","link":"https:\/\/arnell.de\/en\/impressum\/","title":{"rendered":"Legal notice"},"content":{"rendered":"<div class=\"wp-block-uagb-container uagb-block-76fc0834 alignfull uagb-is-root-container\"><div class=\"uagb-container-inner-blocks-wrap\">\n<div class=\"wp-block-uagb-advanced-heading uagb-block-015e9e8d\"><h1 class=\"uagb-heading-text\">Legal notice<\/h1><\/div>\n<\/div><\/div>\n\n\n\n<div class=\"wp-block-uagb-container uagb-block-e9dd4037 alignfull uagb-is-root-container\"><div class=\"uagb-container-inner-blocks-wrap\">\n<div class=\"wp-block-uagb-container uagb-block-69713992\">\n<h2 class=\"wp-block-heading\">Angaben gem\u00e4\u00df \u00a75 TMG:<\/h2>\n\n\n\n<p>ARNELL | Arno Hentschel GmbH<br>Drausendorfer Stra\u00dfe 2<br>02763 Zittau<br><br>Tel.: +49-3583-54997-0<br>Email: info(at)arnell.de<br>website: https:\/\/www.arnell.de<\/p>\n\n\n\n<p><strong>Vertreten durch:<\/strong><br><br>Gesch\u00e4ftsf\u00fchrer: Thomas Scholz<\/p>\n\n\n\n<p><strong>Handelsregistereintrag:<\/strong><br><br>Sitz der Gesellschaft: Zittau<br>Registergericht: Dresden<br>Registernummer: HRB 8299<br><br>Umsatzsteuer-Identifikationsnummer: DE140549942<\/p>\n<\/div>\n\n\n\n<div class=\"wp-block-uagb-container uagb-block-878308c9\">\n<h2 class=\"wp-block-heading\">Streitschlichtung:<\/h2>\n\n\n\n<p>Die Europ\u00e4ische Kommission stellt eine Plattform zur Online-Streitbeilegung (OS) bereit:&nbsp;<a href=\"https:\/\/ec.europa.eu\/consumers\/odr\" target=\"_blank\" rel=\"noreferrer noopener\"><em><strong>ec.europa.eu\/consumers\/odr<\/strong><\/em><\/a> .<br>Unsere E-Mail-Adresse f\u00fcr Beschwerden lautet: info (at) arnell.de.<br><br>Wir bem\u00fchen uns jederzeit um ein Einvernehmen mit Ihnen. Falls wir Ihr Anliegen ausnahmsweise einmal nicht befriedigend l\u00f6sen k\u00f6nnen, steht Ihnen nat\u00fcrlich der Rechtsweg offen.<br><br>Wir sind nicht bereit oder verpflichtet, an Streitbeilegungsverfahren vor einer Verbraucherschlichtungsstelle teilzunehmen.<\/p>\n<\/div>\n\n\n\n<div class=\"wp-block-uagb-container uagb-block-458e1ca7\">\n<h2 class=\"wp-block-heading\">Haftungsausschluss (Disclaimer):<\/h2>\n\n\n\n<h3 class=\"wp-block-heading\">Haftung f\u00fcr Inhalte<\/h3>\n\n\n\n<p>Als Diensteanbieter sind wir gem\u00e4\u00df \u00a7 7 Abs.1 TMG f\u00fcr eigene Inhalte auf diesen Seiten nach den allgemeinen Gesetzen verantwortlich. Nach \u00a7\u00a7 8 bis 10 TMG sind wir als Diensteanbieter jedoch nicht verpflichtet, \u00fcbermittelte oder gespeicherte fremde Informationen zu \u00fcberwachen oder nach Umst\u00e4nden zu forschen, die auf eine rechtswidrige T\u00e4tigkeit hinweisen.<br><br>Verpflichtungen zur Entfernung oder Sperrung der Nutzung von Informationen nach den allgemeinen Gesetzen bleiben hiervon unber\u00fchrt. Eine diesbez\u00fcgliche Haftung ist jedoch erst ab dem Zeitpunkt der Kenntnis einer konkreten Rechtsverletzung m\u00f6glich. Bei Bekanntwerden von entsprechenden Rechtsverletzungen werden wir diese Inhalte umgehend entfernen.<\/p>\n\n\n\n<h3 class=\"wp-block-heading\">Haftung f\u00fcr Links<\/h3>\n\n\n\n<p>Unser Angebot enth\u00e4lt ggf. Links zu externen Websites Dritter, auf deren Inhalte wir keinen Einfluss haben. Deshalb k\u00f6nnen wir f\u00fcr diese fremden Inhalte auch keine Gew\u00e4hr \u00fcbernehmen. F\u00fcr die Inhalte der verlinkten Seiten ist stets der jeweilige Anbieter oder Betreiber der Seiten verantwortlich. Die verlinkten Seiten wurden zum Zeitpunkt der Verlinkung auf m\u00f6gliche Rechtsverst\u00f6\u00dfe \u00fcberpr\u00fcft. Rechtswidrige Inhalte waren zum Zeitpunkt der Verlinkung nicht erkennbar.<br><br>Eine permanente inhaltliche Kontrolle der verlinkten Seiten ist jedoch ohne konkrete Anhaltspunkte einer Rechtsverletzung nicht zumutbar. Bei Bekanntwerden von Rechtsverletzungen werden wir derartige Links umgehend entfernen.<\/p>\n\n\n\n<h3 class=\"wp-block-heading\">Urheberrechte<\/h3>\n\n\n\n<p>Die durch die Seitenbetreiber erstellten Inhalte und Werke auf diesen Seiten unterliegen dem deutschen Urheberrecht. Die Vervielf\u00e4ltigung, Bearbeitung, Verbreitung und jede Art der Verwertung au\u00dferhalb der Grenzen des Urheberrechtes bed\u00fcrfen der schriftlichen Zustimmung des jeweiligen Autors bzw. Erstellers. Downloads und Kopien dieser Seite sind nur f\u00fcr den privaten, nicht kommerziellen Gebrauch gestattet.<br><br>Soweit die Inhalte auf dieser Seite nicht vom Betreiber erstellt wurden, werden die Urheberrechte Dritter beachtet. Insbesondere werden Inhalte Dritter als solche gekennzeichnet. Sollten Sie trotzdem auf eine Urheberrechtsverletzung aufmerksam werden, bitten wir um einen entsprechenden Hinweis. Bei Bekanntwerden von Rechtsverletzungen werden wir derartige Inhalte umgehend entfernen.<\/p>\n\n\n\n<h3 class=\"wp-block-heading\">Bildnachweise<\/h3>\n\n\n\n<ul class=\"wp-block-list\">\n<li>Gr\u00fcndernetzwerk Neugeister e.V., \u00a9Andr\u00e9 Wirsig, #20170202AW020L, Gitterrostbefestigungen<\/li>\n\n\n\n<li>iStock, \u00a9fotografixx, #1028886412, Werkzeugmechanikerin<\/li>\n\n\n\n<li>iStock, \u00a9SolStock, #1282517102, Stiftung<\/li>\n\n\n\n<li>AdobeStock, \u00a9Halfpoint, #189209432, Lagerhausmitarbeiter<\/li>\n\n\n\n<li>Otto Bihler Maschinenfabrik GmbH &amp; Co. KG, #Detail_0028, Bihler GRM-NC<\/li>\n\n\n\n<li>ZH2 GmbH, \u00a9Matthias Hultsch, #160525-22_zhal1605_103_CI_ch, Befestigungen<\/li>\n\n\n\n<li>ZH2 GmbH, \u00a9Matthias Hultsch, #160525-32_zhal1605_225_CI_ch, Haspel<\/li>\n\n\n\n<li>ZH2 GmbH, \u00a9Matthias Hultsch, #160525-36_zhal1605_314_c1_adj_vh, Metallerzeugnisse Presse<\/li>\n\n\n\n<li>ZH2 GmbH, \u00a9Matthias Hultsch, #folgeverbundwerkzeug, Folgeverbundwerkzeug<\/li>\n\n\n\n<li>FREYLER Industriebau GmbH Riesa, \u00a9Felix L\u00f6chner, #SK_1005, ARNELL Geb\u00e4udeansicht<\/li>\n\n\n\n<li>FREYLER Industriebau GmbH Riesa, \u00a9Felix L\u00f6chner, #socialDJI_0004, ARNELL Luftbild<\/li>\n\n\n\n<li>ZEITonline, \u00a9Dominik Wolf, #Zeitonline_1, Produktion Oderwitz<\/li>\n<\/ul>\n<\/div>\n<\/div><\/div>","protected":false},"excerpt":{"rendered":"<p>Impressum Angaben gem\u00e4\u00df \u00a75 TMG: ARNELL | Arno Hentschel GmbHDrausendorfer Stra\u00dfe 202763 Zittau Tel.: +49-3583-54997-0Email: info(at)arnell.dewebsite: https:\/\/www.arnell.de Vertreten durch: Gesch\u00e4ftsf\u00fchrer: [&hellip;]<\/p>\n","protected":false},"author":1,"featured_media":0,"parent":0,"menu_order":0,"comment_status":"closed","ping_status":"closed","template":"","meta":{"_uag_custom_page_level_css":"","site-sidebar-layout":"default","site-content-layout":"","ast-site-content-layout":"","site-content-style":"default","site-sidebar-style":"default","ast-global-header-display":"","ast-banner-title-visibility":"","ast-main-header-display":"","ast-hfb-above-header-display":"","ast-hfb-below-header-display":"","ast-hfb-mobile-header-display":"","site-post-title":"disabled","ast-breadcrumbs-content":"","ast-featured-img":"","footer-sml-layout":"","theme-transparent-header-meta":"","adv-header-id-meta":"","stick-header-meta":"","header-above-stick-meta":"","header-main-stick-meta":"","header-below-stick-meta":"","astra-migrate-meta-layouts":"default","ast-page-background-enabled":"default","ast-page-background-meta":{"desktop":{"background-color":"var(--ast-global-color-4)","background-image":"","background-repeat":"repeat","background-position":"center center","background-size":"auto","background-attachment":"scroll","background-type":"","background-media":"","overlay-type":"","overlay-color":"","overlay-opacity":"","overlay-gradient":""},"tablet":{"background-color":"","background-image":"","background-repeat":"repeat","background-position":"center center","background-size":"auto","background-attachment":"scroll","background-type":"","background-media":"","overlay-type":"","overlay-color":"","overlay-opacity":"","overlay-gradient":""},"mobile":{"background-color":"","background-image":"","background-repeat":"repeat","background-position":"center center","background-size":"auto","background-attachment":"scroll","background-type":"","background-media":"","overlay-type":"","overlay-color":"","overlay-opacity":"","overlay-gradient":""}},"ast-content-background-meta":{"desktop":{"background-color":"var(--ast-global-color-5)","background-image":"","background-repeat":"repeat","background-position":"center center","background-size":"auto","background-attachment":"scroll","background-type":"","background-media":"","overlay-type":"","overlay-color":"","overlay-opacity":"","overlay-gradient":""},"tablet":{"background-color":"var(--ast-global-color-5)","background-image":"","background-repeat":"repeat","background-position":"center center","background-size":"auto","background-attachment":"scroll","background-type":"","background-media":"","overlay-type":"","overlay-color":"","overlay-opacity":"","overlay-gradient":""},"mobile":{"background-color":"var(--ast-global-color-5)","background-image":"","background-repeat":"repeat","background-position":"center center","background-size":"auto","background-attachment":"scroll","background-type":"","background-media":"","overlay-type":"","overlay-color":"","overlay-opacity":"","overlay-gradient":""}},"footnotes":""},"class_list":["post-1687","page","type-page","status-publish","hentry"],"uagb_featured_image_src":{"full":false,"thumbnail":false,"medium":false,"medium_large":false,"large":false,"1536x1536":false,"2048x2048":false,"trp-custom-language-flag":false},"uagb_author_info":{"display_name":"Autor","author_link":"https:\/\/arnell.de\/en\/author\/wp157596ah\/"},"uagb_comment_info":0,"uagb_excerpt":"Impressum Angaben gem\u00e4\u00df \u00a75 TMG: ARNELL | Arno Hentschel GmbHDrausendorfer Stra\u00dfe 202763 Zittau Tel.: +49-3583-54997-0Email: info(at)arnell.dewebsite: https:\/\/www.arnell.de Vertreten durch: Gesch\u00e4ftsf\u00fchrer: [&hellip;]","_links":{"self":[{"href":"https:\/\/arnell.de\/en\/wp-json\/wp\/v2\/pages\/1687","targetHints":{"allow":["GET"]}}],"collection":[{"href":"https:\/\/arnell.de\/en\/wp-json\/wp\/v2\/pages"}],"about":[{"href":"https:\/\/arnell.de\/en\/wp-json\/wp\/v2\/types\/page"}],"author":[{"embeddable":true,"href":"https:\/\/arnell.de\/en\/wp-json\/wp\/v2\/users\/1"}],"replies":[{"embeddable":true,"href":"https:\/\/arnell.de\/en\/wp-json\/wp\/v2\/comments?post=1687"}],"version-history":[{"count":0,"href":"https:\/\/arnell.de\/en\/wp-json\/wp\/v2\/pages\/1687\/revisions"}],"wp:attachment":[{"href":"https:\/\/arnell.de\/en\/wp-json\/wp\/v2\/media?parent=1687"}],"curies":[{"name":"wp","href":"https:\/\/api.w.org\/{rel}","templated":true}]}}